{"id":3821,"date":"2025-01-10T13:04:17","date_gmt":"2025-01-10T12:04:17","guid":{"rendered":"https:\/\/danbijeung.com\/?page_id=3821"},"modified":"2025-01-19T21:39:29","modified_gmt":"2025-01-19T20:39:29","slug":"datenschutz","status":"publish","type":"page","link":"https:\/\/danbijeung.com\/?page_id=3821","title":{"rendered":"Privacy"},"content":{"rendered":"\n<p><strong>Datenschutz (Privacy Policy)<\/strong><\/p>\n\n\n\n<p>Ich nehme den Schutz der Daten der Nutzer meiner Website sehr ernst und verpflichte mich, die Informationen, die Nutzer mir in Verbindung mit der Nutzung meiner Website zur Verf\u00fcgung stellen, zu sch\u00fctzen. Des Weiteren verpflichte ich mich, Ihre Daten gem\u00e4\u00df anwendbarem Recht zu sch\u00fctzen und zu verwenden.<\/p>\n\n\n\n<p>Diese Datenschutzrichtlinie erl\u00e4utert meine Praktiken in Bezug auf die Erfassung, Verwendung und Offenlegung Ihrer Daten durch die Nutzung der digitalen Assets (die \u201eDienste\u201c), wenn Sie \u00fcber Ihre Ger\u00e4te auf die Dienste zugreifen.<\/p>\n\n\n\n<p>Lesen Sie die Datenschutzrichtlinie bitte sorgf\u00e4ltig durch und stellen Sie sicher, dass Sie unsere Praktiken in Bezug auf Ihre Daten vollumf\u00e4nglich verstehen, bevor Sie unsere Dienste verwenden. Wenn Sie diese Richtlinie gelesen, vollumf\u00e4nglich verstanden haben und nicht mit der Vorgehensweise einverstanden sind, m\u00fcssen Sie die Nutzung der digitalen Assets und Dienste einstellen. Mit der Nutzung der Dienste erkennen Sie die Bedingungen dieser Datenschutzrichtlinie an. Die weitere Nutzung der Dienste stellt Ihre Zustimmung zu dieser Datenschutzrichtlinie und allen \u00c4nderungen daran dar.<\/p>\n\n\n\n<p>In dieser Datenschutzrichtlinie erfahren Sie:<\/p>\n\n\n\n<ul class=\"wp-block-list\">\n<li>Wie Daten gesammelt werden<\/li>\n\n\n\n<li>Welche Daten erfasst werden<\/li>\n\n\n\n<li>Warum diese Daten erfasst werden<\/li>\n\n\n\n<li>An wen die Daten weitergeben werden<\/li>\n\n\n\n<li>Wo die Daten gespeichert werden<\/li>\n\n\n\n<li>Wie lange die Daten vorgehalten werden<\/li>\n\n\n\n<li>Wie die Daten gesch\u00fctzt werden<\/li>\n\n\n\n<li>Wie mit Minderj\u00e4hrigen umgegangen wird<\/li>\n\n\n\n<li>Aktualisierungen oder \u00c4nderungen der Datenschutzrichtlinie<\/li>\n<\/ul>\n\n\n\n<p><strong>Welche Daten werden erfasst?<\/strong><\/p>\n\n\n\n<p>Nachstehend erhalten Sie einen \u00dcberblick \u00fcber die Daten, die erfasst werden k\u00f6nnen:<\/p>\n\n\n\n<ul class=\"wp-block-list\">\n<li>Nicht identifizierte und nicht identifizierbare Informationen, die Sie w\u00e4hrend des Registrierungsprozesses bereitstellen oder die \u00fcber die Nutzung unserer Dienste gesammelt werden (\u201enicht personenbezogene Daten\u201c). Nicht personenbezogene Daten lassen keine R\u00fcckschl\u00fcsse darauf zu, von wem sie erfasst wurden. Nicht personenbezogene Daten, die erfasst werdem, bestehen haupts\u00e4chlich aus technischen und zusammengefassten Nutzungsinformationen.<\/li>\n\n\n\n<li>Individuell identifizierbare Informationen, d. h. all jene, \u00fcber die man Sie identifizieren kann oder mit vertretbarem Aufwand identifizieren k\u00f6nnte (\u201epersonenbezogene Daten\u201c). Zu den personenbezogenen Daten, die \u00fcber die Dienste erfasst werden, geh\u00f6ren auf meiner Website lediglich IP-Adressen. Wenn personenbezogene mit nicht personenbezogenen Daten kombiniert sind, werden diese, solange sie in Kombination vorliegen, als personenbezogene Daten behandelt.<\/li>\n<\/ul>\n\n\n\n<p><strong>Wie werden Daten gesammelt?<\/strong><\/p>\n\n\n\n<p>Nachstehend sind die wichtigsten Methoden aufgef\u00fchrt, die zur Sammlung von Daten verwendet werden:<\/p>\n\n\n\n<ul class=\"wp-block-list\">\n<li>Es werden Daten bei der Nutzung der Dienste erfasst. Wenn Sie also digitalen Assets besuchen und Dienste nutzen, k\u00f6nnen die Nutzung, Sitzungen und die dazugeh\u00f6rigen Informationen gesammelt, erfasst und gespeichert werden.<\/li>\n\n\n\n<li>Es k\u00f6nnen, wie unten beschrieben, Daten aus Drittquellen erfasst werden.<\/li>\n<\/ul>\n\n\n\n<p><strong>Warum werden diese Daten erfasst?<\/strong><\/p>\n\n\n\n<p>Ihre Daten k\u00f6nnen f\u00fcr folgende Zwecke verwendet werden:<\/p>\n\n\n\n<ul class=\"wp-block-list\">\n<li>um Dienste zur Verf\u00fcgung zu stellen und zu betreiben;<\/li>\n\n\n\n<li>um Dienste zu entwickeln, anzupassen und zu verbessern;<\/li>\n\n\n\n<li>um Anforderungs- und Nutzungsmuster zu analysieren;<\/li>\n\n\n\n<li>f\u00fcr sonstige interne, statistische und Recherchezwecke;<\/li>\n\n\n\n<li>um M\u00f6glichkeiten zur Datensicherheit und Betrugspr\u00e4vention verbessern zu k\u00f6nnen;<\/li>\n\n\n\n<li>um Verst\u00f6\u00dfe zu untersuchen und Bedingungen und Richtlinien durchzusetzen sowie um dem anwendbaren Recht, den Vorschriften bzw. beh\u00f6rdlichen Anordnungen zu entsprechen;<\/li>\n<\/ul>\n\n\n\n<p><strong>An wen werden diese Daten weitergegeben?<\/strong><\/p>\n\n\n\n<p>Ihre Daten k\u00f6nnen an Dienstleister weitergeben werden, um die Dienste zu betreiben (z.B. Speicherung von Daten \u00fcber Hosting-Dienste Dritter, Bereitstellung technischer Unterst\u00fctzung usw.).<\/p>\n\n\n\n<p>Ihre Daten k\u00f6nnen auch unter folgenden Umst\u00e4nden offenlegt werden: (i) um rechtswidrige Aktivit\u00e4ten oder sonstiges Fehlverhalten zu untersuchen, aufzudecken, zu verhindern oder dagegen vorzugehen; (ii) um meine Rechte auf Verteidigung zu begr\u00fcnden oder auszu\u00fcben; (iii) um meine Rechte, mein Eigentum oder meine pers\u00f6nliche Sicherheit sowie die Sicherheit der Nutzer oder der \u00d6ffentlichkeit zu sch\u00fctzen;<\/p>\n\n\n\n<p><strong>Cookies und \u00e4hnliche Technologien<\/strong><\/p>\n\n\n\n<p>Wenn Sie die Dienste besuchen oder darauf zugreifen, autorisieren w Dritte dazu, Webbeacons, Cookies, Pixel Tags, Skripte sowie andere Technologien und Analysedienste (\u201eTracking-Technologien\u201c) einzusetzen. Diese Tracking-Technologien k\u00f6nnen es Dritten erm\u00f6glichen, Ihre Daten automatisch zu erfassen, um das Navigationserlebnis auf unseren digitalen Assets zu verbessern, deren Performance zu optimieren und ein ma\u00dfgeschneidertes Nutzererlebnis zu gew\u00e4hrleisten, sowie zu Zwecken der Sicherheit und der Betrugspr\u00e4vention.<\/p>\n\n\n\n<p>\u200bOhne Ihre Zustimmung werden wir Ihre E-Mail-Adresse oder andere personenbezogenen Daten nicht an Werbeunternehmen oder Werbenetzwerke weitergeben<\/p>\n\n\n\n<p><strong>Wo werden die Daten gespeichert?<\/strong><\/p>\n\n\n\n<p><strong>Nicht personenbezogene Daten<\/strong><\/p>\n\n\n\n<p>Bitte beachten Sie, dass unsere Unternehmen sowie unsere vertrauensw\u00fcrdigen Partner und Dienstanbieter auf der ganzen Welt ans\u00e4ssig sind. Zu den in dieser Datenschutzrichtlinie erl\u00e4uterten Zwecke speichern und verarbeiten wir alle nicht personenbezogenen Daten, die wir erfassen, in unterschiedlichen Rechtsordnungen.<\/p>\n\n\n\n<p><strong>Personenbezogene Daten<\/strong><\/p>\n\n\n\n<p>Personenbezogene Daten k\u00f6nnen in den Vereinigten Staaten, in Irland, S\u00fcdkorea, Taiwan, Israel und soweit f\u00fcr die ordnungsgem\u00e4\u00dfe Bereitstellung unserer Dienste und\/oder gesetzlich vorgeschrieben (wie nachstehend weiter erl\u00e4utert) in anderen Rechtsordnungen gepflegt, verarbeitet und gespeichert werden.<\/p>\n\n\n\n<p><strong>Wie lange werden die Daten vorgehalten?<\/strong><\/p>\n\n\n\n<p>Bitte beachten Sie, dass wir die erfassten Daten so lange aufbewahren, wie es f\u00fcr die Bereitstellung der Dienste, zur Einhaltung der gesetzlichen und vertraglichen Verpflichtungen gegen\u00fcber Ihnen, zur Beilegung von Streitigkeiten und zur Durchsetzung von Vereinbarungen erforderlich ist.<\/p>\n\n\n\n<p><strong>Wie werden die Daten gesch\u00fctzt?<\/strong><\/p>\n\n\n\n<p>Der Hosting-Dienst f\u00fcr die digitalen Assets stellt mir die Online-Plattform zu Verf\u00fcgung, \u00fcber die ich Ihnen meine Dienste anbieten kann. Ihre Daten k\u00f6nnen \u00fcber die Datenspeicherung, Datenbanken und allgemeine Anwendungen meines Hosting-Anbieters gespeichert werden. Er speichert Ihre Daten auf sicheren Servern hinter einer Firewall und er bietet sicheren HTTPS-Zugriff auf die meisten Bereiche seiner Dienste.<\/p>\n\n\n\n<p>Ungeachtet der von uns und unserem Hosting-Anbieter ergriffenen Ma\u00dfnahmen und Bem\u00fchungen k\u00f6nnen und werden wir keinen absoluten Schutz und keine absolute Sicherheit der Daten garantieren, die Sie hochladen, ver\u00f6ffentlichen oder anderweitig an uns oder andere weitergeben.<\/p>\n\n\n\n<p>Aus diesem Grund m\u00f6chten wir Sie bitten, sichere Passw\u00f6rter festzulegen und uns oder anderen nach M\u00f6glichkeit keine vertraulichen Informationen zu \u00fcbermitteln, deren Offenlegung Ihnen Ihrer Meinung nach erheblich bzw. nachhaltig schaden k\u00f6nnte. Da E-Mail und Instant Messaging nicht als sichere Kommunikationsformen gelten, bitten wir Sie au\u00dferdem, keine vertraulichen Informationen \u00fcber einen dieser Kommunikationskan\u00e4le weiterzugeben.<\/p>\n\n\n\n<p><strong>Weitere Hinweise<\/strong><\/p>\n\n\n\n<p>Wir verwenden Ihre personenbezogenen Daten nur f\u00fcr die in der Datenschutzrichtlinie festgelegten Zwecke und nur, wenn wir davon \u00fcberzeugt sind, dass:<\/p>\n\n\n\n<ul class=\"wp-block-list\">\n<li>die Verwendung Ihrer personenbezogenen Daten erforderlich ist, um einen Vertrag zu erf\u00fcllen oder zu schlie\u00dfen (z. B. um Ihnen die Dienste selbst oder Kundenbetreuung bzw. technischen Support bereitzustellen);<\/li>\n\n\n\n<li>die Verwendung Ihrer personenbezogenen Daten notwendig ist, um entsprechenden rechtlichen oder beh\u00f6rdlichen Verpflichtungen nachzukommen, oder<\/li>\n\n\n\n<li>die Verwendung Ihrer personenbezogenen Daten notwendig ist, um unsere berechtigten gesch\u00e4ftlichen Interessen zu unterst\u00fctzen (unter der Ma\u00dfgabe, dass dies jederzeit in einer Weise erfolgt, die verh\u00e4ltnism\u00e4\u00dfig ist und Ihre Datenschutzrechte respektiert).<\/li>\n<\/ul>\n\n\n\n<p><strong>Als EU-Ans\u00e4ssiger k\u00f6nnen Sie:<\/strong><\/p>\n\n\n\n<p>eine Best\u00e4tigung dar\u00fcber verlangen, ob personenbezogene Daten verarbeitet werden, die Sie betreffen, oder nicht, und Zugriff auf Ihre gespeicherten personenbezogenen Daten sowie auf bestimmte Zusatzinformationen anfordern; den Erhalt von personenbezogenen Daten, die Sie uns bereitgestellt haben, in einem strukturierten, g\u00e4ngigen und maschinenlesbaren Format verlangen;<\/p>\n\n\n\n<ul class=\"wp-block-list\">\n<li>die Berichtigung lhrer personenbezogenen Daten verlangen, die bei uns gespeichert sind;<\/li>\n\n\n\n<li>die L\u00f6schung Ihrer personenbezogenen Daten verlangen;<\/li>\n\n\n\n<li>der Verarbeitung Ihrer personenbezogenen Daten durch uns widersprechen;<\/li>\n\n\n\n<li>die Einschr\u00e4nkung der Verarbeitung Ihrer personenbezogenen Daten verlangen, oder eine Beschwerde bei einer Aufsichtsbeh\u00f6rde einreichen.<\/li>\n<\/ul>\n\n\n\n<p>Bitte beachten Sie jedoch, dass diese Rechte nicht uneingeschr\u00e4nkt g\u00fcltig sind und unseren eigenen berechtigten Interessen und regulatorischen Anforderungen unterliegen k\u00f6nnen. Wenn Sie allgemeine Fragen zu den von uns erfassten personenbezogenen Daten und deren Verwendung haben, wenden Sie sich bitte an uns, wie unten angegeben.<\/p>\n\n\n\n<p>Im Zuge der Bereitstellung der Dienste k\u00f6nnen wir Daten grenz\u00fcberschreitend an verbundene Unternehmen oder andere Dritte und aus Ihrem Land\/Ihrer Rechtsordnung in andere L\u00e4nder\/Rechtsordnungen weltweit \u00fcbertragen. Durch die Nutzung der Dienste stimmen Sie der \u00dcbertragung Ihrer Daten au\u00dferhalb des EWR zu.<\/p>\n\n\n\n<p>Wenn Sie im EWR ans\u00e4ssig sind, werden Ihre personenbezogenen Daten nur dann an Standorte au\u00dferhalb des EWR \u00fcbertragen, wenn wir davon \u00fcberzeugt sind, dass ein angemessenes oder vergleichbares Niveau zum Schutz personenbezogener Daten besteht. Wir werden geeignete Schritte unternehmen, um sicherzustellen, dass wir \u00fcber angemessene vertragliche Vereinbarungen mit unseren Drittparteien verf\u00fcgen, um zu gew\u00e4hrleisten, dass entsprechende Sicherheitsvorkehrungen getroffen werden, so dass das Risiko einer unrechtm\u00e4\u00dfigen Nutzung, \u00c4nderung, L\u00f6schung, eines Verlusts oder Diebstahls Ihrer personenbezogenen Daten minimiert wird und dass diese Drittparteien jederzeit in \u00dcbereinstimmung mit den geltenden Gesetzen handeln.<\/p>\n\n\n\n<p><strong>Google Analytics<\/strong><\/p>\n\n\n\n<p>Unsere Website verwendet Funktionen des Webanalysedienstes Google Analytics. Anbieter des Webanalysedienstes ist die Google Inc., 1600 Amphitheatre Parkway, Mountain View, CA 94043, USA. Google Analytics verwendet &#8220;Cookies.&#8221; Das sind kleine Textdateien, die Ihr Webbrowser auf Ihrem Endger\u00e4t speichert und eine Analyse der Website-Benutzung erm\u00f6glichen. Mittels Cookie erzeugte Informationen \u00fcber Ihre Benutzung unserer Website werden an einen Server von Google \u00fcbermittelt und dort gespeichert. Server-Standort ist im Regelfall die USA. Das Setzen von Google-Analytics-Cookies erfolgt auf Grundlage von Art. 6 Abs. 1 lit. f DSGVO. Als Betreiber dieser Website haben wir ein berechtigtes Interesse an der Analyse des Nutzerverhaltens, um unser Webangebot und ggf. auch Werbung zu optimieren.<\/p>\n\n\n\n<p>IP-Anonymisierung<\/p>\n\n\n\n<p>Wir setzen Google Analytics in Verbindung mit der Funktion IP-Anonymisierung ein. Sie gew\u00e4hrleistet, dass Google Ihre IP-Adresse innerhalb von Mitgliedstaaten der Europ\u00e4ischen Union oder in anderen Vertragsstaaten des Abkommens \u00fcber den Europ\u00e4ischen Wirtschaftsraum vor der \u00dcbermittlung in die USA k\u00fcrzt. Es kann Ausnahmef\u00e4lle geben, in denen Google die volle IP-Adresse an einen Server in den USA \u00fcbertr\u00e4gt und dort k\u00fcrzt. In unserem Auftrag wird Google diese Informationen benutzen, um Ihre Nutzung der Website auszuwerten, um Reports \u00fcber Websiteaktivit\u00e4ten zu erstellen und um weitere mit der Websitenutzung und der Internetnutzung verbundene Dienstleistungen gegen\u00fcber uns zu erbringen. Es findet keine Zusammenf\u00fchrung der von Google Analytics \u00fcbermittelten IP-Adresse mit anderen Daten von Google statt.<\/p>\n\n\n\n<p>Browser Plugin<\/p>\n\n\n\n<p>Das Setzen von Cookies durch Ihren Webbrowser ist verhinderbar. Einige Funktionen unserer Website k\u00f6nnten dadurch jedoch eingeschr\u00e4nkt werden. Ebenso k\u00f6nnen Sie die Erfassung von Daten bez\u00fcglich Ihrer Website-Nutzung einschlie\u00dflich Ihrer IP-Adresse mitsamt anschlie\u00dfender Verarbeitung durch Google unterbinden. Dies ist m\u00f6glich, indem Sie das \u00fcber folgenden Link erreichbare Browser-Plugin herunterladen und installieren: <a href=\"https:\/\/tools.google.com\/dlpage\/gaoptout?hl=de\">https:\/\/tools.google.com\/dlpage\/gaoptout?hl=de<\/a>.<\/p>\n\n\n\n<p>Widerspruch gegen die Datenerfassung<\/p>\n\n\n\n<p>Sie k\u00f6nnen die Erfassung Ihrer Daten durch Google Analytics verhindern, indem Sie auf folgenden Link klicken. Es wird ein Opt-Out-Cookie gesetzt, der die Erfassung Ihrer Daten bei zuk\u00fcnftigen Besuchen unserer Website verhindert: Google Analytics deaktivieren.Einzelheiten zum Umgang mit Nutzerdaten bei Google Analytics finden Sie in der Datenschutzerkl\u00e4rung von Google: <a href=\"https:\/\/support.google.com\/analytics\/answer\/6004245?hl=de\">https:\/\/support.google.com\/analytics\/answer\/6004245?hl=de<\/a>.<\/p>\n\n\n\n<p>Auftragsverarbeitung<\/p>\n\n\n\n<p>Zur vollst\u00e4ndigen Erf\u00fcllung der gesetzlichen Datenschutzvorgaben haben wir mit Google einen Vertrag \u00fcber die Auftragsverarbeitung abgeschlossen.<\/p>\n\n\n\n<p>Demografische Merkmale bei Google Analytics<\/p>\n\n\n\n<p>Unsere Website verwendet die Funktion \u201cdemografische Merkmale\u201d von Google Analytics. Mit ihr lassen sich Berichte erstellen, die Aussagen zu Alter, Geschlecht und Interessen der Seitenbesucher enthalten. Diese Daten stammen aus interessenbezogener Werbung von Google sowie aus Besucherdaten von Drittanbietern. Eine Zuordnung der Daten zu einer bestimmten Person ist nicht m\u00f6glich. Sie k\u00f6nnen diese Funktion jederzeit deaktivieren. Dies ist \u00fcber die Anzeigeneinstellungen in Ihrem Google-Konto m\u00f6glich oder indem Sie die Erfassung Ihrer Daten durch Google Analytics, wie im Punkt \u201cWiderspruch gegen die Datenerfassung\u201d erl\u00e4utert, generell untersagen.<\/p>\n\n\n\n<p><strong><strong>Verwendung von Social Plugins von Instagram, YouTube, Vimeo, Soundcloud<\/strong><\/strong><\/p>\n\n\n\n<p>Auf unserer Website werden sogenannte Social Plugins (\u201ePlugins\u201c) von sozialen Netzwerken verwendet.<br>Wenn Sie eine Seite unseres Webauftritts aufrufen, die ein solches Plugin enth\u00e4lt, stellt Ihr Browser eine direkte Verbindung zu den Servern von Instagram, YouTube, Vimeo und Soundcloud her. Der Inhalt des Plugins wird vom jeweiligen Anbieter direkt an Ihren Browser \u00fcbermittelt und in die Seite eingebunden. Durch die Einbindung der Plugins erhalten die Anbieter die Information, dass Ihr Browser die entsprechende Seite unseres Webauftritts aufgerufen hat, auch wenn Sie kein Profil besitzen oder gerade nicht eingeloggt sind. Diese Information (einschlie\u00dflich Ihrer IP-Adresse) wird von Ihrem Browser direkt an einen Server des jeweiligen Anbieters.<br><br>Einzelheiten \u00fcber die Erhebung und Speicherung Ihrer pers\u00f6nlichen Daten sowie \u00fcber Art, Umfang und Zweck ihrer Verwendung durch den Betreiber des jeweiligen sozialen Netzwerks entnehmen Sie bitte den Datenschutzerkl\u00e4rungen des jeweiligen Betreibers.<br><br><strong>&#8211; Instagram<\/strong>: gemeinsam Verantwortliche ist die Facebook Ireland Limited, 4 Grand Canal Square, Dublin 2, Irland. Die Datenschutzbestimmungen f\u00fcr Instagram k\u00f6nnen Sie unter <a href=\"https:\/\/help.instagram.com\/155833707900388\">https:\/\/help.instagram.com\/155833707900388<\/a> einsehen.<br><strong>&#8211; YouTube: <\/strong>gemeinsam Verantwortliche ist die Google Ireland Limited, Gordon House, Barrow Street, Dublin 4, Irland. Die Datenschutzbestimmungen f\u00fcr YouTube k\u00f6nnen Sie unter <a href=\"https:\/\/www.gstatic.com\/policies\/privacy\/pdf\/20190122\/f3294e95\/google_privacy_policy_de_eu.pdf\">https:\/\/www.gstatic.com\/policies\/privacy\/pdf\/20190122\/f3294e95\/google_privacy_policy_de_eu.pdf<\/a> einsehen.<br><strong>&#8211; Vimeo:<\/strong> <a href=\"https:\/\/help.vimeo.com\/hc\/de\/sections\/12397318942993-Datenschutz\">https:\/\/help.vimeo.com\/hc\/de\/sections\/12397318942993-Datenschutz<\/a><br><strong>&#8211; Soundcloud :<\/strong> <a href=\"https:\/\/help.soundcloud.com\/hc\/de\/articles\/115003570428-Datenschutz-auf-SoundCloud\">https:\/\/help.soundcloud.com\/hc\/de\/articles\/115003570428-Datenschutz-auf-SoundCloud<\/a><br><\/p>\n\n\n\n<p><strong>\u200bAUSSCHLUSSKLAUSEL<\/strong><\/p>\n\n\n\n<p>Die hier enthaltenen Informationen ersetzen keine Rechtsberatung und Sie sollten sich nicht allein darauf st\u00fctzen. Spezifische Anforderungen in Bezug auf Rechtsbegriffe und Richtlinien k\u00f6nnen sich von Bundesstaat zu Bundesstaat und\/oder von Rechtssystem zu Rechtssystem unterscheiden. Wie in unseren Nutzungsbedingungen dargelegt, sind Sie daf\u00fcr verantwortlich sicherzustellen, dass Ihre Dienste nach dem f\u00fcr Sie ma\u00dfgeblichen Recht zul\u00e4ssig sind und Sie sich daran halten.<\/p>\n\n\n\n<p>Um sicherzustellen, dass Sie Ihren gesetzlichen Verpflichtungen vollumf\u00e4nglich entsprechen, empfehlen wir Ihnen ausdr\u00fccklich, sich professionell beraten zu lassen, um besser nachvollziehen zu k\u00f6nnen, welche Anforderungen f\u00fcr Sie speziell gelten.<\/p>\n\n\n\n<p><\/p>\n","protected":false},"excerpt":{"rendered":"<p>Datenschutz (Privacy Policy) Ich nehme den Schutz der Daten der Nutzer meiner Website sehr ernst und verpflichte mich, die Informationen, die Nutzer mir in Verbindung mit der Nutzung meiner Website zur Verf\u00fcgung stellen, zu sch\u00fctzen. Des Weiteren verpflichte ich mich, Ihre Daten gem\u00e4\u00df anwendbarem Recht zu sch\u00fctzen und zu verwenden. Diese Datenschutzrichtlinie erl\u00e4utert meine Praktiken [&hellip;]<\/p>\n","protected":false},"author":1,"featured_media":0,"parent":0,"menu_order":0,"comment_status":"closed","ping_status":"closed","template":"","meta":{"site-sidebar-layout":"default","site-content-layout":"","ast-site-content-layout":"default","site-content-style":"default","site-sidebar-style":"default","ast-global-header-display":"","ast-banner-title-visibility":"","ast-main-header-display":"","ast-hfb-above-header-display":"","ast-hfb-below-header-display":"","ast-hfb-mobile-header-display":"","site-post-title":"","ast-breadcrumbs-content":"","ast-featured-img":"","footer-sml-layout":"","ast-disable-related-posts":"","theme-transparent-header-meta":"","adv-header-id-meta":"","stick-header-meta":"","header-above-stick-meta":"","header-main-stick-meta":"","header-below-stick-meta":"","astra-migrate-meta-layouts":"set","ast-page-background-enabled":"default","ast-page-background-meta":{"desktop":{"background-color":"","background-image":"","background-repeat":"repeat","background-position":"center center","background-size":"auto","background-attachment":"scroll","background-type":"","background-media":"","overlay-type":"","overlay-color":"","overlay-opacity":"","overlay-gradient":""},"tablet":{"background-color":"","background-image":"","background-repeat":"repeat","background-position":"center center","background-size":"auto","background-attachment":"scroll","background-type":"","background-media":"","overlay-type":"","overlay-color":"","overlay-opacity":"","overlay-gradient":""},"mobile":{"background-color":"","background-image":"","background-repeat":"repeat","background-position":"center center","background-size":"auto","background-attachment":"scroll","background-type":"","background-media":"","overlay-type":"","overlay-color":"","overlay-opacity":"","overlay-gradient":""}},"ast-content-background-meta":{"desktop":{"background-color":"var(--ast-global-color-5)","background-image":"","background-repeat":"repeat","background-position":"center center","background-size":"auto","background-attachment":"scroll","background-type":"","background-media":"","overlay-type":"","overlay-color":"","overlay-opacity":"","overlay-gradient":""},"tablet":{"background-color":"var(--ast-global-color-5)","background-image":"","background-repeat":"repeat","background-position":"center center","background-size":"auto","background-attachment":"scroll","background-type":"","background-media":"","overlay-type":"","overlay-color":"","overlay-opacity":"","overlay-gradient":""},"mobile":{"background-color":"var(--ast-global-color-5)","background-image":"","background-repeat":"repeat","background-position":"center center","background-size":"auto","background-attachment":"scroll","background-type":"","background-media":"","overlay-type":"","overlay-color":"","overlay-opacity":"","overlay-gradient":""}},"_vp_format_video_url":"","_vp_image_focal_point":[],"footnotes":""},"class_list":["post-3821","page","type-page","status-publish","hentry"],"_links":{"self":[{"href":"https:\/\/danbijeung.com\/index.php?rest_route=\/wp\/v2\/pages\/3821","targetHints":{"allow":["GET"]}}],"collection":[{"href":"https:\/\/danbijeung.com\/index.php?rest_route=\/wp\/v2\/pages"}],"about":[{"href":"https:\/\/danbijeung.com\/index.php?rest_route=\/wp\/v2\/types\/page"}],"author":[{"embeddable":true,"href":"https:\/\/danbijeung.com\/index.php?rest_route=\/wp\/v2\/users\/1"}],"replies":[{"embeddable":true,"href":"https:\/\/danbijeung.com\/index.php?rest_route=%2Fwp%2Fv2%2Fcomments&post=3821"}],"version-history":[{"count":8,"href":"https:\/\/danbijeung.com\/index.php?rest_route=\/wp\/v2\/pages\/3821\/revisions"}],"predecessor-version":[{"id":3932,"href":"https:\/\/danbijeung.com\/index.php?rest_route=\/wp\/v2\/pages\/3821\/revisions\/3932"}],"wp:attachment":[{"href":"https:\/\/danbijeung.com\/index.php?rest_route=%2Fwp%2Fv2%2Fmedia&parent=3821"}],"curies":[{"name":"wp","href":"https:\/\/api.w.org\/{rel}","templated":true}]}}